{"id":568,"date":"2024-06-20T06:49:56","date_gmt":"2024-06-20T06:49:56","guid":{"rendered":"https:\/\/pdweek.ca\/?page_id=568"},"modified":"2025-06-05T17:19:45","modified_gmt":"2025-06-05T17:19:45","slug":"conferenciers","status":"publish","type":"page","link":"https:\/\/pdweek.ca\/fr\/conferenciers\/","title":{"rendered":"Conf\u00e9renciers"},"content":{"rendered":"\r\n<section class=\"hero hero--align-right\">\r\n\t<div class=\"hero__bg\">\r\n\t\t<img decoding=\"async\" src=\"https:\/\/pdweek.ca\/wp-content\/themes\/pd-week\/resources\/images\/gradient-bg.jpg\" alt=\"\">\r\n\t<\/div>\r\n\r\n\t<div class=\"hero__inner\">\r\n\t\t\t\n\r\n<div class=\"hero__head\">\r\n\t\t\n\n<h1 class=\"wp-block-heading\">Conf\u00e9renciers<\/h1>\n\n\n\t<\/div><!-- \/.hero__head -->\r\n\n\n\n<div class=\"hero__content\">\n\t<div class=\"shell\">\n\t\t<div class=\"hero__entry richtext-entry\">\n\t\t\t\t\n\n<h2 class=\"wp-block-heading\">Rejoignez virtuellement un groupe extraordinaire de conf\u00e9renciers durant nos discours principaux et nos sessions<\/h2>\n\n\n\n<p>La Semaine de PP r\u00e9unit des experts renomm\u00e9s sur un large \u00e9ventail de sujets. C\u2019est une occasion rare de d\u00e9couvrir de nouvelles approches, de savoir ce qui fonctionne et ce qui ne fonctionne pas, d\u2019ouvrir votre esprit et de prendre de meilleures d\u00e9cisions.<\/p>\n\n\n\n<div class=\"embed-html\">\n\t<iframe style=\"border: 1px solid #D5D1C6; background-color: #ffffff; border: 0; left: 0; min-height: 1000px; width: 100%;\" src=\"https:\/\/site.pheedloop.com\/event\/embed\/PDweek2025\/speakers?lang=FR\" title=\"speakers\"><\/iframe><\/div><!-- \/.embed-html -->\n\n\n\t\t\t<\/div>\n\t<\/div><!-- \/.shell -->\n<\/div><!-- \/.hero__content -->\n\n\n\t\t<\/div><!-- \/.hero__inner -->\r\n<\/section><!-- \/.hero -->\r\n","protected":false},"excerpt":{"rendered":"","protected":false},"author":1,"featured_media":0,"parent":0,"menu_order":0,"comment_status":"closed","ping_status":"closed","template":"","meta":{"_acf_changed":false,"footnotes":""},"class_list":["post-568","page","type-page","status-publish","hentry"],"acf":[],"yoast_head":"<!-- This site is optimized with the Yoast SEO plugin v26.7 - https:\/\/yoast.com\/wordpress\/plugins\/seo\/ -->\n<title>Conf\u00e9renciers - Semaine de PP<\/title>\n<meta name=\"robots\" content=\"index, follow, max-snippet:-1, max-image-preview:large, max-video-preview:-1\" \/>\n<link rel=\"canonical\" href=\"https:\/\/pdweek.ca\/speakers-2\/\" \/>\n<meta property=\"og:locale\" content=\"fr_FR\" \/>\n<meta property=\"og:type\" content=\"article\" \/>\n<meta property=\"og:title\" content=\"Conf\u00e9renciers - Semaine de PP\" \/>\n<meta property=\"og:url\" content=\"https:\/\/pdweek.ca\/speakers-2\/\" \/>\n<meta property=\"og:site_name\" content=\"Semaine de PP\" \/>\n<meta property=\"article:modified_time\" content=\"2025-06-05T17:19:45+00:00\" \/>\n<meta name=\"twitter:card\" content=\"summary_large_image\" \/>\n<meta name=\"twitter:label1\" content=\"Dur\u00e9e de lecture estim\u00e9e\" \/>\n\t<meta name=\"twitter:data1\" content=\"1 minute\" \/>\n<script type=\"application\/ld+json\" class=\"yoast-schema-graph\">{\"@context\":\"https:\/\/schema.org\",\"@graph\":[{\"@type\":\"WebPage\",\"@id\":\"https:\/\/pdweek.ca\/speakers-2\/\",\"url\":\"https:\/\/pdweek.ca\/speakers-2\/\",\"name\":\"Conf\u00e9renciers - Semaine de PP\",\"isPartOf\":{\"@id\":\"https:\/\/pdweek.ca\/#website\"},\"datePublished\":\"2024-06-20T06:49:56+00:00\",\"dateModified\":\"2025-06-05T17:19:45+00:00\",\"breadcrumb\":{\"@id\":\"https:\/\/pdweek.ca\/speakers-2\/#breadcrumb\"},\"inLanguage\":\"fr-FR\",\"potentialAction\":[{\"@type\":\"ReadAction\",\"target\":[\"https:\/\/pdweek.ca\/speakers-2\/\"]}]},{\"@type\":\"BreadcrumbList\",\"@id\":\"https:\/\/pdweek.ca\/speakers-2\/#breadcrumb\",\"itemListElement\":[{\"@type\":\"ListItem\",\"position\":1,\"name\":\"Home\",\"item\":\"https:\/\/pdweek.ca\/fr\/\"},{\"@type\":\"ListItem\",\"position\":2,\"name\":\"Conf\u00e9renciers\"}]},{\"@type\":\"WebSite\",\"@id\":\"https:\/\/pdweek.ca\/#website\",\"url\":\"https:\/\/pdweek.ca\/\",\"name\":\"Professional Development Week\",\"description\":\"\",\"publisher\":{\"@id\":\"https:\/\/pdweek.ca\/#organization\"},\"potentialAction\":[{\"@type\":\"SearchAction\",\"target\":{\"@type\":\"EntryPoint\",\"urlTemplate\":\"https:\/\/pdweek.ca\/?s={search_term_string}\"},\"query-input\":{\"@type\":\"PropertyValueSpecification\",\"valueRequired\":true,\"valueName\":\"search_term_string\"}}],\"inLanguage\":\"fr-FR\"},{\"@type\":\"Organization\",\"@id\":\"https:\/\/pdweek.ca\/#organization\",\"name\":\"Professional Development Week\",\"url\":\"https:\/\/pdweek.ca\/\",\"logo\":{\"@type\":\"ImageObject\",\"inLanguage\":\"fr-FR\",\"@id\":\"https:\/\/pdweek.ca\/#\/schema\/logo\/image\/\",\"url\":\"https:\/\/pdweek.ca\/wp-content\/uploads\/sites\/2\/2025\/01\/fmi_logo.jpg\",\"contentUrl\":\"https:\/\/pdweek.ca\/wp-content\/uploads\/sites\/2\/2025\/01\/fmi_logo.jpg\",\"width\":336,\"height\":155,\"caption\":\"Professional Development Week\"},\"image\":{\"@id\":\"https:\/\/pdweek.ca\/#\/schema\/logo\/image\/\"}}]}<\/script>\n<!-- \/ Yoast SEO plugin. -->","yoast_head_json":{"title":"Conf\u00e9renciers - Semaine de PP","robots":{"index":"index","follow":"follow","max-snippet":"max-snippet:-1","max-image-preview":"max-image-preview:large","max-video-preview":"max-video-preview:-1"},"canonical":"https:\/\/pdweek.ca\/speakers-2\/","og_locale":"fr_FR","og_type":"article","og_title":"Conf\u00e9renciers - Semaine de PP","og_url":"https:\/\/pdweek.ca\/speakers-2\/","og_site_name":"Semaine de PP","article_modified_time":"2025-06-05T17:19:45+00:00","twitter_card":"summary_large_image","twitter_misc":{"Dur\u00e9e de lecture estim\u00e9e":"1 minute"},"schema":{"@context":"https:\/\/schema.org","@graph":[{"@type":"WebPage","@id":"https:\/\/pdweek.ca\/speakers-2\/","url":"https:\/\/pdweek.ca\/speakers-2\/","name":"Conf\u00e9renciers - Semaine de PP","isPartOf":{"@id":"https:\/\/pdweek.ca\/#website"},"datePublished":"2024-06-20T06:49:56+00:00","dateModified":"2025-06-05T17:19:45+00:00","breadcrumb":{"@id":"https:\/\/pdweek.ca\/speakers-2\/#breadcrumb"},"inLanguage":"fr-FR","potentialAction":[{"@type":"ReadAction","target":["https:\/\/pdweek.ca\/speakers-2\/"]}]},{"@type":"BreadcrumbList","@id":"https:\/\/pdweek.ca\/speakers-2\/#breadcrumb","itemListElement":[{"@type":"ListItem","position":1,"name":"Home","item":"https:\/\/pdweek.ca\/fr\/"},{"@type":"ListItem","position":2,"name":"Conf\u00e9renciers"}]},{"@type":"WebSite","@id":"https:\/\/pdweek.ca\/#website","url":"https:\/\/pdweek.ca\/","name":"Professional Development Week","description":"","publisher":{"@id":"https:\/\/pdweek.ca\/#organization"},"potentialAction":[{"@type":"SearchAction","target":{"@type":"EntryPoint","urlTemplate":"https:\/\/pdweek.ca\/?s={search_term_string}"},"query-input":{"@type":"PropertyValueSpecification","valueRequired":true,"valueName":"search_term_string"}}],"inLanguage":"fr-FR"},{"@type":"Organization","@id":"https:\/\/pdweek.ca\/#organization","name":"Professional Development Week","url":"https:\/\/pdweek.ca\/","logo":{"@type":"ImageObject","inLanguage":"fr-FR","@id":"https:\/\/pdweek.ca\/#\/schema\/logo\/image\/","url":"https:\/\/pdweek.ca\/wp-content\/uploads\/sites\/2\/2025\/01\/fmi_logo.jpg","contentUrl":"https:\/\/pdweek.ca\/wp-content\/uploads\/sites\/2\/2025\/01\/fmi_logo.jpg","width":336,"height":155,"caption":"Professional Development Week"},"image":{"@id":"https:\/\/pdweek.ca\/#\/schema\/logo\/image\/"}}]}},"_links":{"self":[{"href":"https:\/\/pdweek.ca\/fr\/wp-json\/wp\/v2\/pages\/568","targetHints":{"allow":["GET"]}}],"collection":[{"href":"https:\/\/pdweek.ca\/fr\/wp-json\/wp\/v2\/pages"}],"about":[{"href":"https:\/\/pdweek.ca\/fr\/wp-json\/wp\/v2\/types\/page"}],"author":[{"embeddable":true,"href":"https:\/\/pdweek.ca\/fr\/wp-json\/wp\/v2\/users\/1"}],"replies":[{"embeddable":true,"href":"https:\/\/pdweek.ca\/fr\/wp-json\/wp\/v2\/comments?post=568"}],"version-history":[{"count":0,"href":"https:\/\/pdweek.ca\/fr\/wp-json\/wp\/v2\/pages\/568\/revisions"}],"wp:attachment":[{"href":"https:\/\/pdweek.ca\/fr\/wp-json\/wp\/v2\/media?parent=568"}],"curies":[{"name":"wp","href":"https:\/\/api.w.org\/{rel}","templated":true}]}}