{"id":566,"date":"2024-06-20T07:39:58","date_gmt":"2024-06-20T07:39:58","guid":{"rendered":"https:\/\/pdweek.ca\/?page_id=566"},"modified":"2025-07-18T14:28:58","modified_gmt":"2025-07-18T14:28:58","slug":"programme","status":"publish","type":"page","link":"https:\/\/pdweek.ca\/fr\/programme\/","title":{"rendered":"Programme"},"content":{"rendered":"\r\n<section class=\"hero hero--align-right\">\r\n\t<div class=\"hero__bg\">\r\n\t\t<img decoding=\"async\" src=\"https:\/\/pdweek.ca\/wp-content\/themes\/pd-week\/resources\/images\/gradient-bg.jpg\" alt=\"\">\r\n\t<\/div>\r\n\r\n\t<div class=\"hero__inner\">\r\n\t\t\t\n\r\n<div class=\"hero__head\">\r\n\t\t\n\n<h1 class=\"wp-block-heading\">Programme 2025<\/h1>\n\n\n\t<\/div><!-- \/.hero__head -->\r\n\n\n\n<div class=\"hero__content\">\n\t<div class=\"shell\">\n\t\t<div class=\"hero__entry richtext-entry\">\n\t\t\t\t\n\n<p><i>Le calendrier peut \u00eatre sujet \u00e0 changement.<\/i><\/p>\n\n\n<p>L\u2019IGF est fier de s\u2019associer au Bureau du contr\u00f4leur g\u00e9n\u00e9ral du Canada afin de vous pr\u00e9senter <strong>la Boussole de comp\u00e9tences en gestion financi\u00e8re<\/strong>, un outil essentiel con\u00e7u pour aider les sp\u00e9cialistes de la gestion financi\u00e8re du gouvernement du Canada \u00e0 faire progresser leur carri\u00e8re, \u00e0 am\u00e9liorer leurs principales comp\u00e9tences et \u00e0 promouvoir l\u2019excellence dans la fonction publique. En parcourant le calendrier, rep\u00e9rez les \u00e9tiquettes color\u00e9es de la Boussole. Chacune d\u2019entre elles souligne les comp\u00e9tences pr\u00e9cises qui seront d\u00e9velopp\u00e9es au cours de cette s\u00e9ance. Pour plus d\u2019informations, visitez le site Web <a href=\"https:\/\/www.canada.ca\/fr\/secretariat-conseil-tresor\/services\/perfectionnement-professionnel\/bureau-du-developpement-collectivite-gestion-financiere\/competences-gestion-financiere.html\" target=\"_blank\" rel=\"noreferrer noopener\"><strong>La collectivit\u00e9 de la gestion financi\u00e8re : Comp\u00e9tences<\/strong><\/a> ou le portail <a href=\"https:\/\/gcxgce.sharepoint.com\/teams\/1000131\/SitePages\/fr\/compass-career-navigator-page-en.aspx\" target=\"_blank\" rel=\"noreferrer noopener\"><strong>GC\u00e9change<\/strong><\/a> (s\u2019ouvre dans un nouvel onglet et accessible uniquement sur les r\u00e9seaux du gouvernement du Canada).<\/p>\n\n\n<div class=\"embed-html\">\n\t<iframe style=\"border: 1px solid #D5D1C6; background-color: #ffffff; border: 0; left: 0; min-height: 5750px; width: 100%;\" src=\"https:\/\/site.pheedloop.com\/event\/embed\/PDweek2025\/schedule?lang=FR\" title=\"schedule\"><\/iframe><\/div><!-- \/.embed-html -->\n\n\n\t\t\t<\/div>\n\t<\/div><!-- \/.shell -->\n<\/div><!-- \/.hero__content -->\n\n\n\t\t<\/div><!-- \/.hero__inner -->\r\n<\/section><!-- \/.hero -->\r\n\n","protected":false},"excerpt":{"rendered":"","protected":false},"author":1,"featured_media":0,"parent":0,"menu_order":0,"comment_status":"closed","ping_status":"closed","template":"","meta":{"_acf_changed":false,"footnotes":""},"class_list":["post-566","page","type-page","status-publish","hentry"],"acf":[],"yoast_head":"<!-- This site is optimized with the Yoast SEO plugin v26.7 - https:\/\/yoast.com\/wordpress\/plugins\/seo\/ -->\n<title>Programme - Semaine de PP<\/title>\n<meta name=\"robots\" content=\"index, follow, max-snippet:-1, max-image-preview:large, max-video-preview:-1\" \/>\n<link rel=\"canonical\" href=\"https:\/\/pdweek.ca\/fr\/programme\/\" \/>\n<meta property=\"og:locale\" content=\"fr_FR\" \/>\n<meta property=\"og:type\" content=\"article\" \/>\n<meta property=\"og:title\" content=\"Programme - Semaine de PP\" \/>\n<meta property=\"og:url\" content=\"https:\/\/pdweek.ca\/fr\/programme\/\" \/>\n<meta property=\"og:site_name\" content=\"Semaine de PP\" \/>\n<meta property=\"article:modified_time\" content=\"2025-07-18T14:28:58+00:00\" \/>\n<meta name=\"twitter:card\" content=\"summary_large_image\" \/>\n<meta name=\"twitter:label1\" content=\"Dur\u00e9e de lecture estim\u00e9e\" \/>\n\t<meta name=\"twitter:data1\" content=\"1 minute\" \/>\n<script type=\"application\/ld+json\" class=\"yoast-schema-graph\">{\"@context\":\"https:\/\/schema.org\",\"@graph\":[{\"@type\":\"WebPage\",\"@id\":\"https:\/\/pdweek.ca\/fr\/programme\/\",\"url\":\"https:\/\/pdweek.ca\/fr\/programme\/\",\"name\":\"Programme - Semaine de PP\",\"isPartOf\":{\"@id\":\"https:\/\/pdweek.ca\/#website\"},\"datePublished\":\"2024-06-20T07:39:58+00:00\",\"dateModified\":\"2025-07-18T14:28:58+00:00\",\"breadcrumb\":{\"@id\":\"https:\/\/pdweek.ca\/fr\/programme\/#breadcrumb\"},\"inLanguage\":\"fr-FR\",\"potentialAction\":[{\"@type\":\"ReadAction\",\"target\":[\"https:\/\/pdweek.ca\/fr\/programme\/\"]}]},{\"@type\":\"BreadcrumbList\",\"@id\":\"https:\/\/pdweek.ca\/fr\/programme\/#breadcrumb\",\"itemListElement\":[{\"@type\":\"ListItem\",\"position\":1,\"name\":\"Home\",\"item\":\"https:\/\/pdweek.ca\/fr\/\"},{\"@type\":\"ListItem\",\"position\":2,\"name\":\"Programme\"}]},{\"@type\":\"WebSite\",\"@id\":\"https:\/\/pdweek.ca\/#website\",\"url\":\"https:\/\/pdweek.ca\/\",\"name\":\"Professional Development Week\",\"description\":\"\",\"publisher\":{\"@id\":\"https:\/\/pdweek.ca\/#organization\"},\"potentialAction\":[{\"@type\":\"SearchAction\",\"target\":{\"@type\":\"EntryPoint\",\"urlTemplate\":\"https:\/\/pdweek.ca\/?s={search_term_string}\"},\"query-input\":{\"@type\":\"PropertyValueSpecification\",\"valueRequired\":true,\"valueName\":\"search_term_string\"}}],\"inLanguage\":\"fr-FR\"},{\"@type\":\"Organization\",\"@id\":\"https:\/\/pdweek.ca\/#organization\",\"name\":\"Professional Development Week\",\"url\":\"https:\/\/pdweek.ca\/\",\"logo\":{\"@type\":\"ImageObject\",\"inLanguage\":\"fr-FR\",\"@id\":\"https:\/\/pdweek.ca\/#\/schema\/logo\/image\/\",\"url\":\"https:\/\/pdweek.ca\/wp-content\/uploads\/sites\/2\/2025\/01\/fmi_logo.jpg\",\"contentUrl\":\"https:\/\/pdweek.ca\/wp-content\/uploads\/sites\/2\/2025\/01\/fmi_logo.jpg\",\"width\":336,\"height\":155,\"caption\":\"Professional Development Week\"},\"image\":{\"@id\":\"https:\/\/pdweek.ca\/#\/schema\/logo\/image\/\"}}]}<\/script>\n<!-- \/ Yoast SEO plugin. -->","yoast_head_json":{"title":"Programme - Semaine de PP","robots":{"index":"index","follow":"follow","max-snippet":"max-snippet:-1","max-image-preview":"max-image-preview:large","max-video-preview":"max-video-preview:-1"},"canonical":"https:\/\/pdweek.ca\/fr\/programme\/","og_locale":"fr_FR","og_type":"article","og_title":"Programme - Semaine de PP","og_url":"https:\/\/pdweek.ca\/fr\/programme\/","og_site_name":"Semaine de PP","article_modified_time":"2025-07-18T14:28:58+00:00","twitter_card":"summary_large_image","twitter_misc":{"Dur\u00e9e de lecture estim\u00e9e":"1 minute"},"schema":{"@context":"https:\/\/schema.org","@graph":[{"@type":"WebPage","@id":"https:\/\/pdweek.ca\/fr\/programme\/","url":"https:\/\/pdweek.ca\/fr\/programme\/","name":"Programme - Semaine de PP","isPartOf":{"@id":"https:\/\/pdweek.ca\/#website"},"datePublished":"2024-06-20T07:39:58+00:00","dateModified":"2025-07-18T14:28:58+00:00","breadcrumb":{"@id":"https:\/\/pdweek.ca\/fr\/programme\/#breadcrumb"},"inLanguage":"fr-FR","potentialAction":[{"@type":"ReadAction","target":["https:\/\/pdweek.ca\/fr\/programme\/"]}]},{"@type":"BreadcrumbList","@id":"https:\/\/pdweek.ca\/fr\/programme\/#breadcrumb","itemListElement":[{"@type":"ListItem","position":1,"name":"Home","item":"https:\/\/pdweek.ca\/fr\/"},{"@type":"ListItem","position":2,"name":"Programme"}]},{"@type":"WebSite","@id":"https:\/\/pdweek.ca\/#website","url":"https:\/\/pdweek.ca\/","name":"Professional Development Week","description":"","publisher":{"@id":"https:\/\/pdweek.ca\/#organization"},"potentialAction":[{"@type":"SearchAction","target":{"@type":"EntryPoint","urlTemplate":"https:\/\/pdweek.ca\/?s={search_term_string}"},"query-input":{"@type":"PropertyValueSpecification","valueRequired":true,"valueName":"search_term_string"}}],"inLanguage":"fr-FR"},{"@type":"Organization","@id":"https:\/\/pdweek.ca\/#organization","name":"Professional Development Week","url":"https:\/\/pdweek.ca\/","logo":{"@type":"ImageObject","inLanguage":"fr-FR","@id":"https:\/\/pdweek.ca\/#\/schema\/logo\/image\/","url":"https:\/\/pdweek.ca\/wp-content\/uploads\/sites\/2\/2025\/01\/fmi_logo.jpg","contentUrl":"https:\/\/pdweek.ca\/wp-content\/uploads\/sites\/2\/2025\/01\/fmi_logo.jpg","width":336,"height":155,"caption":"Professional Development Week"},"image":{"@id":"https:\/\/pdweek.ca\/#\/schema\/logo\/image\/"}}]}},"_links":{"self":[{"href":"https:\/\/pdweek.ca\/fr\/wp-json\/wp\/v2\/pages\/566","targetHints":{"allow":["GET"]}}],"collection":[{"href":"https:\/\/pdweek.ca\/fr\/wp-json\/wp\/v2\/pages"}],"about":[{"href":"https:\/\/pdweek.ca\/fr\/wp-json\/wp\/v2\/types\/page"}],"author":[{"embeddable":true,"href":"https:\/\/pdweek.ca\/fr\/wp-json\/wp\/v2\/users\/1"}],"replies":[{"embeddable":true,"href":"https:\/\/pdweek.ca\/fr\/wp-json\/wp\/v2\/comments?post=566"}],"version-history":[{"count":0,"href":"https:\/\/pdweek.ca\/fr\/wp-json\/wp\/v2\/pages\/566\/revisions"}],"wp:attachment":[{"href":"https:\/\/pdweek.ca\/fr\/wp-json\/wp\/v2\/media?parent=566"}],"curies":[{"name":"wp","href":"https:\/\/api.w.org\/{rel}","templated":true}]}}