{"id":550,"date":"2024-06-20T06:43:00","date_gmt":"2024-06-20T06:43:00","guid":{"rendered":"https:\/\/pdweek.ca\/?page_id=550"},"modified":"2024-07-16T19:57:53","modified_gmt":"2024-07-16T19:57:53","slug":"politique-de-confidentialite","status":"publish","type":"page","link":"https:\/\/pdweek.ca\/fr\/politique-de-confidentialite\/","title":{"rendered":"Politique de confidentialit\u00e9"},"content":{"rendered":"\r\n<section class=\"hero hero--align-right\">\r\n\t<div class=\"hero__bg\">\r\n\t\t<img decoding=\"async\" src=\"https:\/\/pdweek.ca\/wp-content\/themes\/pd-week\/resources\/images\/gradient-bg.jpg\" alt=\"\">\r\n\t<\/div>\r\n\r\n\t<div class=\"hero__inner\">\r\n\t\t\t\n\r\n<div class=\"hero__head\">\r\n\t\t\n\n<h1 class=\"wp-block-heading\">Politique de confidentialit\u00e9<\/h1>\n\n\n\t<\/div><!-- \/.hero__head -->\r\n\n\n\n<div class=\"hero__content\">\n\t<div class=\"shell\">\n\t\t<div class=\"hero__entry richtext-entry\">\n\t\t\t\t\n\n<h3 class=\"wp-block-heading\">Notre engagement<\/h3>\n\n\n\n<p>L\u2019fmi*igf s\u2019engage \u00e0 \u00a0prot\u00e9ger les renseignements personnels de ses membres, commanditaires, employ\u00e9s, b\u00e9n\u00e9voles et autres parties int\u00e9ress\u00e9es. Dans le cadre de ses diverses activit\u00e9s, l\u2019fmi*igf recueille et utilise des renseignements personnels. Tous ceux de qui nous obtenons ces renseignements sont en droit de s\u2019attendre \u00e0 \u00a0ce que l\u2019fmi*igf prot\u00e8ge ces renseignements, ne les communique qu\u2019apr\u00e8s avoir obtenu leur consentement, s\u2019assure autant que possible de leur exactitude et de leur int\u00e9grit\u00e9, et leur accorde acc\u00e8s sur demande pour en faire l\u2019examen.<\/p>\n\n\n\t\t\t<\/div>\n\t<\/div><!-- \/.shell -->\n<\/div><!-- \/.hero__content -->\n\n\n\t\t<\/div><!-- \/.hero__inner -->\r\n<\/section><!-- \/.hero -->\r\n\n\n\n<div class=\"section-content-text\">\n\t<div class=\"shell\">\n\t\t<div class=\"section-content-text__inner richtext-entry\">\n\t\t\t\t\n\n<h3 class=\"wp-block-heading\">Quels renseignements recueillons-nous?<\/h3>\n\n\n\n<p>L\u2019fmi*igf ne recueille que les renseignements personnels qui lui permettent de r\u00e9aliser un but pr\u00e9cis et seulement de fa\u00e7on acceptable et l\u00e9gale. Les renseignements recueillis comprennent, sans en exclure d\u2019autres, votre nom, les informations n\u00e9cessaires pour communiquer avec vous, l\u2019historique de l\u2019adh\u00e9sion et les donn\u00e9es aff\u00e9rentes \u00e0 \u00a0l\u2019inscription aux activit\u00e9s ainsi que la fiche de carte de cr\u00e9dit.<\/p>\n\n\n\n<div style=\"height:40px\" aria-hidden=\"true\" class=\"wp-block-spacer\"><\/div>\n\n\n\n<h3 class=\"wp-block-heading\">Pourquoi recueillons-nous ces renseignements personnels?<\/h3>\n\n\n\n<p>L\u2019information que vous nous fournissez au moment de l\u2019inscription en direct aux activit\u00e9s de perfectionnement professionnel de l\u2019fmi*igf sert \u00e0 \u00a0s\u2019assurer que votre nom sera bien inscrit \u00e0 la liste des participants et que vous aurez acc\u00e8s \u00e0 l\u2019activit\u00e9. Cette information est aussi utilis\u00e9e aux fins de facturation et pour communiquer avec vous par courrier, t\u00e9l\u00e9phone ou courriel. Plus pr\u00e9cis\u00e9ment, nous utilisons vos renseignements personnels aux fins suivantes :<\/p>\n\n\n\n<ul class=\"wp-block-list\">\n<li>Envois (postal ou \u00e9lectronique) et appels t\u00e9l\u00e9phoniques pour inviter les membres \u00e0 \u00a0s\u2019inscrire aux activit\u00e9s de l\u2019fmi*igf;<\/li>\n\n\n\n<li>Envois (postal ou \u00e9lectronique) et appels t\u00e9l\u00e9phoniques pour informer les membres des activit\u00e9s \u00e0 \u00a0venir;<\/li>\n\n\n\n<li>Envoi du journal fmi*igf<\/li>\n<\/ul>\n\n\n\n<div style=\"height:40px\" aria-hidden=\"true\" class=\"wp-block-spacer\"><\/div>\n\n\n\n<h3 class=\"wp-block-heading\">Est-ce que vos renseignements personnels sont communiqu\u00e9s \u00e0 des tiers?<\/h3>\n\n\n\n<p>L\u2019fmi*igf ne vend pas, n\u2019accorde pas le droit d\u2019utilisation, n\u2019\u00e9change pas et ne pr\u00eate pas vos renseignements personnels \u00e0 &nbsp;des tiers. Vos renseignements personnels ne sont pas utilis\u00e9s \u00e0 des fins de commercialisation ou autres.<\/p>\n\n\n\n<p>Le site Web de l\u2019fmi*igf propose des liens \u00e0 &nbsp;divers sites externes dont ceux de nos commanditaires et exposants. Veuillez noter que lorsque vous visitez ces sites, ils peuvent aussi recueillir des renseignements personnels \u00e0 &nbsp;votre sujet (dont les informations recueillies au moyen de t\u00e9moins). L\u2019fmi*igf ne saurait \u00eatre imputable de la fa\u00e7on dont ces tiers recueillent, utilisent ou communiquent ces renseignements personnels. Il est donc important de prendre connaissance de la politique de protection des renseignements personnels de ces sites Web avant de leur fournir de tels renseignements.<\/p>\n\n\n\n<div style=\"height:40px\" aria-hidden=\"true\" class=\"wp-block-spacer\"><\/div>\n\n\n\n<h3 class=\"wp-block-heading\">Comment prot\u00e9geons-nous vos renseignements personnels?<\/h3>\n\n\n\n<p>L\u2019historique de votre participation aux activit\u00e9s est conserv\u00e9 de fa\u00e7on \u00e9lectronique et sur papier. L\u2019information, sous format \u00e9lectronique ou papier, est en tout temps soit sous surveillance ou conserv\u00e9e dans un endroit ferm\u00e9 \u00e0 &nbsp;cl\u00e9 ou prot\u00e9g\u00e9. Les ordinateurs sont prot\u00e9g\u00e9s par mot de passe et seul le personnel autoris\u00e9 de l\u2019fmi*igf a acc\u00e8s \u00e0 ces informations. Les op\u00e9rations financi\u00e8res sont entrepos\u00e9es de fa\u00e7on s\u00e9curitaire pour la dur\u00e9e exig\u00e9e par la loi et ensuite d\u00e9truites. Les renseignements personnels ne sont conserv\u00e9s qu\u2019aussi longtemps que n\u00e9cessaire. Les dossiers papier contenant des renseignements personnels sont d\u00e9truits par d\u00e9chiquetage. Les informations \u00e9lectroniques sont effac\u00e9es et lorsque le mat\u00e9riel doit \u00eatre remplac\u00e9, nous nous assurons que le lecteur de disque dur est d\u00e9truit.<\/p>\n\n\n\n<p>Cette politique est prise en application de la Loi sur la protection des renseignements personnels et des documents \u00e9lectroniques.<\/p>\n\n\n\t\t\t<\/div><!-- \/.section-content-text__inner -->\n\t<\/div><!-- \/.shell -->\n<\/div><!-- \/.section-content-text -->\n","protected":false},"excerpt":{"rendered":"","protected":false},"author":1,"featured_media":0,"parent":0,"menu_order":0,"comment_status":"closed","ping_status":"closed","template":"","meta":{"_acf_changed":false,"footnotes":""},"class_list":["post-550","page","type-page","status-publish","hentry"],"acf":[],"yoast_head":"<!-- This site is optimized with the Yoast SEO plugin v26.7 - https:\/\/yoast.com\/wordpress\/plugins\/seo\/ -->\n<title>Politique de confidentialit\u00e9 - Semaine de PP<\/title>\n<meta name=\"robots\" content=\"index, follow, max-snippet:-1, max-image-preview:large, max-video-preview:-1\" \/>\n<link rel=\"canonical\" href=\"https:\/\/pdweek.ca\/privacy-policy\/\" \/>\n<meta property=\"og:locale\" content=\"fr_FR\" \/>\n<meta property=\"og:type\" content=\"article\" \/>\n<meta property=\"og:title\" content=\"Politique de confidentialit\u00e9 - Semaine de PP\" \/>\n<meta property=\"og:url\" content=\"https:\/\/pdweek.ca\/privacy-policy\/\" \/>\n<meta property=\"og:site_name\" content=\"Semaine de PP\" \/>\n<meta property=\"article:modified_time\" content=\"2024-07-16T19:57:53+00:00\" \/>\n<meta name=\"twitter:card\" content=\"summary_large_image\" \/>\n<meta name=\"twitter:label1\" content=\"Dur\u00e9e de lecture estim\u00e9e\" \/>\n\t<meta name=\"twitter:data1\" content=\"3 minutes\" \/>\n<script type=\"application\/ld+json\" class=\"yoast-schema-graph\">{\"@context\":\"https:\/\/schema.org\",\"@graph\":[{\"@type\":\"WebPage\",\"@id\":\"https:\/\/pdweek.ca\/privacy-policy\/\",\"url\":\"https:\/\/pdweek.ca\/privacy-policy\/\",\"name\":\"Politique de confidentialit\u00e9 - Semaine de PP\",\"isPartOf\":{\"@id\":\"https:\/\/pdweek.ca\/#website\"},\"datePublished\":\"2024-06-20T06:43:00+00:00\",\"dateModified\":\"2024-07-16T19:57:53+00:00\",\"breadcrumb\":{\"@id\":\"https:\/\/pdweek.ca\/privacy-policy\/#breadcrumb\"},\"inLanguage\":\"fr-FR\",\"potentialAction\":[{\"@type\":\"ReadAction\",\"target\":[\"https:\/\/pdweek.ca\/privacy-policy\/\"]}]},{\"@type\":\"BreadcrumbList\",\"@id\":\"https:\/\/pdweek.ca\/privacy-policy\/#breadcrumb\",\"itemListElement\":[{\"@type\":\"ListItem\",\"position\":1,\"name\":\"Home\",\"item\":\"https:\/\/pdweek.ca\/fr\/\"},{\"@type\":\"ListItem\",\"position\":2,\"name\":\"Politique de confidentialit\u00e9\"}]},{\"@type\":\"WebSite\",\"@id\":\"https:\/\/pdweek.ca\/#website\",\"url\":\"https:\/\/pdweek.ca\/\",\"name\":\"Professional Development Week\",\"description\":\"\",\"publisher\":{\"@id\":\"https:\/\/pdweek.ca\/#organization\"},\"potentialAction\":[{\"@type\":\"SearchAction\",\"target\":{\"@type\":\"EntryPoint\",\"urlTemplate\":\"https:\/\/pdweek.ca\/?s={search_term_string}\"},\"query-input\":{\"@type\":\"PropertyValueSpecification\",\"valueRequired\":true,\"valueName\":\"search_term_string\"}}],\"inLanguage\":\"fr-FR\"},{\"@type\":\"Organization\",\"@id\":\"https:\/\/pdweek.ca\/#organization\",\"name\":\"Professional Development Week\",\"url\":\"https:\/\/pdweek.ca\/\",\"logo\":{\"@type\":\"ImageObject\",\"inLanguage\":\"fr-FR\",\"@id\":\"https:\/\/pdweek.ca\/#\/schema\/logo\/image\/\",\"url\":\"https:\/\/pdweek.ca\/wp-content\/uploads\/sites\/2\/2025\/01\/fmi_logo.jpg\",\"contentUrl\":\"https:\/\/pdweek.ca\/wp-content\/uploads\/sites\/2\/2025\/01\/fmi_logo.jpg\",\"width\":336,\"height\":155,\"caption\":\"Professional Development Week\"},\"image\":{\"@id\":\"https:\/\/pdweek.ca\/#\/schema\/logo\/image\/\"}}]}<\/script>\n<!-- \/ Yoast SEO plugin. -->","yoast_head_json":{"title":"Politique de confidentialit\u00e9 - Semaine de PP","robots":{"index":"index","follow":"follow","max-snippet":"max-snippet:-1","max-image-preview":"max-image-preview:large","max-video-preview":"max-video-preview:-1"},"canonical":"https:\/\/pdweek.ca\/privacy-policy\/","og_locale":"fr_FR","og_type":"article","og_title":"Politique de confidentialit\u00e9 - Semaine de PP","og_url":"https:\/\/pdweek.ca\/privacy-policy\/","og_site_name":"Semaine de PP","article_modified_time":"2024-07-16T19:57:53+00:00","twitter_card":"summary_large_image","twitter_misc":{"Dur\u00e9e de lecture estim\u00e9e":"3 minutes"},"schema":{"@context":"https:\/\/schema.org","@graph":[{"@type":"WebPage","@id":"https:\/\/pdweek.ca\/privacy-policy\/","url":"https:\/\/pdweek.ca\/privacy-policy\/","name":"Politique de confidentialit\u00e9 - Semaine de PP","isPartOf":{"@id":"https:\/\/pdweek.ca\/#website"},"datePublished":"2024-06-20T06:43:00+00:00","dateModified":"2024-07-16T19:57:53+00:00","breadcrumb":{"@id":"https:\/\/pdweek.ca\/privacy-policy\/#breadcrumb"},"inLanguage":"fr-FR","potentialAction":[{"@type":"ReadAction","target":["https:\/\/pdweek.ca\/privacy-policy\/"]}]},{"@type":"BreadcrumbList","@id":"https:\/\/pdweek.ca\/privacy-policy\/#breadcrumb","itemListElement":[{"@type":"ListItem","position":1,"name":"Home","item":"https:\/\/pdweek.ca\/fr\/"},{"@type":"ListItem","position":2,"name":"Politique de confidentialit\u00e9"}]},{"@type":"WebSite","@id":"https:\/\/pdweek.ca\/#website","url":"https:\/\/pdweek.ca\/","name":"Professional Development Week","description":"","publisher":{"@id":"https:\/\/pdweek.ca\/#organization"},"potentialAction":[{"@type":"SearchAction","target":{"@type":"EntryPoint","urlTemplate":"https:\/\/pdweek.ca\/?s={search_term_string}"},"query-input":{"@type":"PropertyValueSpecification","valueRequired":true,"valueName":"search_term_string"}}],"inLanguage":"fr-FR"},{"@type":"Organization","@id":"https:\/\/pdweek.ca\/#organization","name":"Professional Development Week","url":"https:\/\/pdweek.ca\/","logo":{"@type":"ImageObject","inLanguage":"fr-FR","@id":"https:\/\/pdweek.ca\/#\/schema\/logo\/image\/","url":"https:\/\/pdweek.ca\/wp-content\/uploads\/sites\/2\/2025\/01\/fmi_logo.jpg","contentUrl":"https:\/\/pdweek.ca\/wp-content\/uploads\/sites\/2\/2025\/01\/fmi_logo.jpg","width":336,"height":155,"caption":"Professional Development Week"},"image":{"@id":"https:\/\/pdweek.ca\/#\/schema\/logo\/image\/"}}]}},"_links":{"self":[{"href":"https:\/\/pdweek.ca\/fr\/wp-json\/wp\/v2\/pages\/550","targetHints":{"allow":["GET"]}}],"collection":[{"href":"https:\/\/pdweek.ca\/fr\/wp-json\/wp\/v2\/pages"}],"about":[{"href":"https:\/\/pdweek.ca\/fr\/wp-json\/wp\/v2\/types\/page"}],"author":[{"embeddable":true,"href":"https:\/\/pdweek.ca\/fr\/wp-json\/wp\/v2\/users\/1"}],"replies":[{"embeddable":true,"href":"https:\/\/pdweek.ca\/fr\/wp-json\/wp\/v2\/comments?post=550"}],"version-history":[{"count":0,"href":"https:\/\/pdweek.ca\/fr\/wp-json\/wp\/v2\/pages\/550\/revisions"}],"wp:attachment":[{"href":"https:\/\/pdweek.ca\/fr\/wp-json\/wp\/v2\/media?parent=550"}],"curies":[{"name":"wp","href":"https:\/\/api.w.org\/{rel}","templated":true}]}}