{"id":1544,"date":"2026-04-13T19:58:15","date_gmt":"2026-04-13T19:58:15","guid":{"rendered":"https:\/\/pdweek.ca\/calendrier\/"},"modified":"2026-04-21T13:06:00","modified_gmt":"2026-04-21T13:06:00","slug":"calendrier","status":"publish","type":"page","link":"https:\/\/pdweek.ca\/fr\/calendrier\/","title":{"rendered":"Calendrier"},"content":{"rendered":"\r\n<section class=\"hero hero--align-right\">\r\n\t<div class=\"hero__bg\">\r\n\t\t<img decoding=\"async\" src=\"https:\/\/pdweek.ca\/wp-content\/themes\/pd-week\/resources\/images\/gradient-bg.jpg\" alt=\"\">\r\n\t<\/div>\r\n\r\n\t<div class=\"hero__inner\">\r\n\t\t\t\n\r\n<div class=\"hero__head\">\r\n\t\t\n\n<h1 class=\"wp-block-heading\">Survol de la programmation de 2026 <\/h1>\n\n\n\t<\/div><!-- \/.hero__head -->\r\n\n\n\n<div class=\"hero__content\">\n\t<div class=\"shell\">\n\t\t<div class=\"hero__entry richtext-entry\">\n\t\t\t\t\n\n<p><i>Le calendrier peut \u00eatre sujet \u00e0 changement.<\/i> <strong>Restez \u00e0 l\u2019\u00e9coute : la programmation finale et compl\u00e8te sera partag\u00e9e \u00e0 la fin du printemps. Entre-temps, voici un aper\u00e7u de ce qui vous attend chaque jour. <\/strong><\/p>\n\n\n\n<!-- ============================================================\n     Semaine de PP 2026 \u2014 Survol de la programmation (fran\u00e7ais)\n     Collez dans un bloc HTML personnalis\u00e9 WordPress.\n     ============================================================ -->\n\n<link href=\"https:\/\/fonts.googleapis.com\/css2?family=Poppins:wght@400;500;600&#038;display=swap\" rel=\"stylesheet\">\n\n<style>\n.ag *{box-sizing:border-box;margin:0;padding:0;}\n.ag{font-family:'Poppins',sans-serif;max-width:900px;margin:0 auto;padding:8px 0 32px;}\n.ag-title{font-size:24px;font-weight:600;color:#211530;margin-bottom:6px;}\n.ag-sub{font-size:14px;font-weight:400;color:#625789;margin-bottom:28px;line-height:1.6;}\n.ag-tabs{display:flex;border-bottom:2px solid #e0dce8;margin-bottom:24px;overflow-x:auto;}\n.ag-tab{padding:10px 22px;font-size:13px;font-weight:500;color:#625789;cursor:pointer;border:none;background:none;border-bottom:3px solid transparent;margin-bottom:-2px;white-space:nowrap;transition:color .15s;font-family:'Poppins',sans-serif;}\n.ag-tab.on{color:#D73A5E;border-bottom-color:#D73A5E;}\n.ag-tab:hover:not(.on){color:#211530;}\n.ag-day{display:none;}\n.ag-day.on{display:block;}\n.ag-banner{background:#3A2849;color:#ffffff;padding:12px 20px;border-radius:10px 10px 0 0;font-size:13px;font-weight:600;font-family:'Poppins',sans-serif;}\n.ag-table{border:1px solid #e0dce8;border-radius:0 0 10px 10px;overflow:hidden;}\n.ag-row{display:grid;grid-template-columns:148px 1fr;border-bottom:1px solid #ede9f3;}\n.ag-row:last-child{border-bottom:none;}\n.ag-cell{padding:14px 18px;font-size:13px;color:#211530;display:flex;flex-direction:column;gap:4px;font-family:'Poppins',sans-serif;}\n.ag-cell-name{font-weight:600;}\n.ag-cell-detail{font-size:12px;color:#888;}\n.ag-time{padding:14px 16px;font-size:12px;font-weight:600;color:#00A5B8;background:#e8f8fa;border-right:1px solid #ede9f3;display:flex;align-items:center;line-height:1.4;font-family:'Poppins',sans-serif;}\n.r-keynote .ag-time{background:#ede9f5;color:#3A2849;}\n.r-keynote .ag-cell{background:#f5f2fb;}\n.r-keynote .ag-cell-name{color:#3A2849;}\n.r-break .ag-time{background:#faf7f2;color:#b08d6a;}\n.r-break .ag-cell{background:#fdf9f4;}\n.r-break .ag-cell-name{color:#b08d6a;font-weight:500;}\n.r-meal .ag-time{background:#e3f6f8;color:#007a87;}\n.r-meal .ag-cell{background:#f0fbfc;}\n.r-meal .ag-cell-name{color:#007a87;}\n.r-reception .ag-time{background:#fce8ed;color:#D73A5E;}\n.r-reception .ag-cell{background:#fef4f6;}\n.r-reception .ag-cell-name{color:#D73A5E;}\n.r-sessions .ag-time{background:#f8f6fb;color:#625789;}\n.r-sessions .ag-cell{background:#ffffff;}\n.ag-concurrent{display:flex;gap:6px;flex-wrap:wrap;margin-top:5px;}\n.ag-room{font-size:11px;background:#f3f0f7;border:1px solid #e0dce8;border-radius:4px;padding:2px 8px;color:#625789;font-family:'Poppins',sans-serif;}\n@media(max-width:600px){\n  .ag-row{grid-template-columns:110px 1fr;}\n  .ag-time{font-size:11px;padding:12px 10px;}\n  .ag-cell{padding:12px 14px;}\n  .ag-tab{padding:10px 14px;font-size:12px;}\n}\n<\/style>\n\n<div class=\"ag\">\n\n\n  <div class=\"ag-tabs\">\n    <button class=\"ag-tab on\" onclick=\"pdwShowDayFr(0)\">Jour 1 \u00b7 Mar 18 nov<\/button>\n    <button class=\"ag-tab\" onclick=\"pdwShowDayFr(1)\">Jour 2 \u00b7 Mer 19 nov<\/button>\n    <button class=\"ag-tab\" onclick=\"pdwShowDayFr(2)\">Jour 3 \u00b7 Jeu 20 nov<\/button>\n    <button class=\"ag-tab\" onclick=\"pdwShowDayFr(3)\">Jour 4 \u00b7 Ven 21 nov<\/button>\n  <\/div>\n\n  <!-- JOUR 1 -->\n  <div class=\"ag-day on\" id=\"pdwfr-d0\">\n    <div class=\"ag-banner\">Mardi 18 novembre 2026<\/div>\n    <div class=\"ag-table\">\n      <div class=\"ag-row r-meal\">\n        <div class=\"ag-time\">7 h 30 \u2013 8 h 45<\/div>\n        <div class=\"ag-cell\"><span class=\"ag-cell-name\">Inscription et d\u00e9jeuner de r\u00e9seautage<\/span><span class=\"ag-cell-detail\">2e \u00e9tage \u00b7 Inscription ouverte jusqu&rsquo;\u00e0 14 h 30<\/span><\/div>\n      <\/div>\n      <div class=\"ag-row r-keynote\">\n        <div class=\"ag-time\">8 h 45 \u2013 10 h 00<\/div>\n        <div class=\"ag-cell\"><span class=\"ag-cell-name\">Discours principal<\/span><span class=\"ag-cell-detail\">Discours principal \u2014 3e \u00e9tage<\/span><\/div>\n      <\/div>\n      <div class=\"ag-row r-break\">\n        <div class=\"ag-time\">10 h 00 \u2013 10 h 30<\/div>\n        <div class=\"ag-cell\"><span class=\"ag-cell-name\">D\u00e9jeuner de r\u00e9seautage<\/span><span class=\"ag-cell-detail\">Salle d&rsquo;exposition \u2014 3e \u00e9tage<\/span><\/div>\n      <\/div>\n      <div class=\"ag-row r-sessions\">\n        <div class=\"ag-time\">10 h 30 \u2013 11 h 30<\/div>\n        <div class=\"ag-cell\"><span class=\"ag-cell-name\">S\u00e9ances simultan\u00e9es<\/span><div class=\"ag-concurrent\"><span class=\"ag-room\">Salle 214<\/span><span class=\"ag-room\">Salle 206<\/span><span class=\"ag-room\">Salle 205<\/span><\/div><\/div>\n      <\/div>\n      <div class=\"ag-row r-meal\">\n        <div class=\"ag-time\">11 h 30 \u2013 12 h 45<\/div>\n        <div class=\"ag-cell\"><span class=\"ag-cell-name\">D\u00eener<\/span><span class=\"ag-cell-detail\">3e \u00e9tage<\/span><\/div>\n      <\/div>\n      <div class=\"ag-row r-sessions\">\n        <div class=\"ag-time\">12 h 45 \u2013 13 h 45<\/div>\n        <div class=\"ag-cell\"><span class=\"ag-cell-name\">S\u00e9ances simultan\u00e9es<\/span><div class=\"ag-concurrent\"><span class=\"ag-room\">Salle 214<\/span><span class=\"ag-room\">Salle 206<\/span><span class=\"ag-room\">Salle 205<\/span><\/div><\/div>\n      <\/div>\n      <div class=\"ag-row r-break\">\n        <div class=\"ag-time\">13 h 45 \u2013 14 h 15<\/div>\n        <div class=\"ag-cell\"><span class=\"ag-cell-name\">D\u00e9jeuner de r\u00e9seautage<\/span><span class=\"ag-cell-detail\">Salle d&rsquo;exposition \u2014 3e \u00e9tage<\/span><\/div>\n      <\/div>\n      <div class=\"ag-row r-keynote\">\n        <div class=\"ag-time\">14 h 15 \u2013 15 h 15<\/div>\n        <div class=\"ag-cell\"><span class=\"ag-cell-name\">Discours principal<\/span><span class=\"ag-cell-detail\">Discours principal \u2014 3e \u00e9tage<\/span><\/div>\n      <\/div>\n      <div class=\"ag-row r-reception\">\n        <div class=\"ag-time\">15 h 15 \u2013 16 h 45<\/div>\n        <div class=\"ag-cell\"><span class=\"ag-cell-name\">\u00ab R\u00e9ception de bienvenue \u00bb<\/span><span class=\"ag-cell-detail\">Salle d&rsquo;exposition \u2014 3e \u00e9tage<\/span><\/div>\n      <\/div>\n    <\/div>\n  <\/div>\n\n  <!-- JOUR 2 -->\n  <div class=\"ag-day\" id=\"pdwfr-d1\">\n    <div class=\"ag-banner\">Mercredi 19 novembre 2026<\/div>\n    <div class=\"ag-table\">\n      <div class=\"ag-row r-meal\">\n        <div class=\"ag-time\">7 h 30 \u2013 8 h 45<\/div>\n        <div class=\"ag-cell\"><span class=\"ag-cell-name\">Inscription et d\u00e9jeuner de r\u00e9seautage<\/span><span class=\"ag-cell-detail\">2e \u00e9tage \u00b7 Inscription ouverte jusqu&rsquo;\u00e0 14 h 30<\/span><\/div>\n      <\/div>\n      <div class=\"ag-row r-keynote\">\n        <div class=\"ag-time\">8 h 45 \u2013 10 h 00<\/div>\n        <div class=\"ag-cell\"><span class=\"ag-cell-name\">Discours principal<\/span><span class=\"ag-cell-detail\">Discours principal \u2014 3e \u00e9tage<\/span><\/div>\n      <\/div>\n      <div class=\"ag-row r-break\">\n        <div class=\"ag-time\">10 h 00 \u2013 10 h 30<\/div>\n        <div class=\"ag-cell\"><span class=\"ag-cell-name\">D\u00e9jeuner de r\u00e9seautage<\/span><span class=\"ag-cell-detail\">Salle d&rsquo;exposition \u2014 3e \u00e9tage<\/span><\/div>\n      <\/div>\n      <div class=\"ag-row r-sessions\">\n        <div class=\"ag-time\">10 h 30 \u2013 11 h 30<\/div>\n        <div class=\"ag-cell\"><span class=\"ag-cell-name\">S\u00e9ances simultan\u00e9es<\/span><div class=\"ag-concurrent\"><span class=\"ag-room\">Salle 214<\/span><span class=\"ag-room\">Salle 206<\/span><span class=\"ag-room\">Salle 205<\/span><\/div><\/div>\n      <\/div>\n      <div class=\"ag-row r-meal\">\n        <div class=\"ag-time\">11 h 30 \u2013 12 h 45<\/div>\n        <div class=\"ag-cell\"><span class=\"ag-cell-name\">D\u00eener<\/span><span class=\"ag-cell-detail\">3e \u00e9tage<\/span><\/div>\n      <\/div>\n      <div class=\"ag-row r-sessions\">\n        <div class=\"ag-time\">12 h 45 \u2013 13 h 45<\/div>\n        <div class=\"ag-cell\"><span class=\"ag-cell-name\">S\u00e9ances simultan\u00e9es<\/span><div class=\"ag-concurrent\"><span class=\"ag-room\">Salle 214<\/span><span class=\"ag-room\">Salle 206<\/span><span class=\"ag-room\">Salle 205<\/span><\/div><\/div>\n      <\/div>\n      <div class=\"ag-row r-break\">\n        <div class=\"ag-time\">13 h 45 \u2013 14 h 15<\/div>\n        <div class=\"ag-cell\"><span class=\"ag-cell-name\">D\u00e9jeuner de r\u00e9seautage<\/span><span class=\"ag-cell-detail\">Salle d&rsquo;exposition \u2014 3e \u00e9tage<\/span><\/div>\n      <\/div>\n      <div class=\"ag-row r-keynote\">\n        <div class=\"ag-time\">14 h 15 \u2013 15 h 15<\/div>\n        <div class=\"ag-cell\"><span class=\"ag-cell-name\">Discours principal<\/span><span class=\"ag-cell-detail\">Discours principal \u2014 3e \u00e9tage<\/span><\/div>\n      <\/div>\n      <div class=\"ag-row r-reception\">\n        <div class=\"ag-time\">15 h 15 \u2013 17 h 15<\/div>\n        <div class=\"ag-cell\"><span class=\"ag-cell-name\">\u00ab R\u00e9ception signature \u00bb<\/span><span class=\"ag-cell-detail\">Salle Trillium \u2014 4e \u00e9tage<\/span><\/div>\n      <\/div>\n    <\/div>\n  <\/div>\n\n  <!-- JOUR 3 -->\n  <div class=\"ag-day\" id=\"pdwfr-d2\">\n    <div class=\"ag-banner\">Jeudi 20 novembre 2026<\/div>\n    <div class=\"ag-table\">\n      <div class=\"ag-row r-meal\">\n        <div class=\"ag-time\">7 h 30 \u2013 8 h 45<\/div>\n        <div class=\"ag-cell\"><span class=\"ag-cell-name\">Inscription et d\u00e9jeuner de r\u00e9seautage<\/span><span class=\"ag-cell-detail\">2e \u00e9tage \u00b7 Inscription ouverte jusqu&rsquo;\u00e0 14 h 30<\/span><\/div>\n      <\/div>\n      <div class=\"ag-row r-keynote\">\n        <div class=\"ag-time\">8 h 45 \u2013 10 h 00<\/div>\n        <div class=\"ag-cell\"><span class=\"ag-cell-name\">Discours principal<\/span><span class=\"ag-cell-detail\">Discours principal \u2014 3e \u00e9tage<\/span><\/div>\n      <\/div>\n      <div class=\"ag-row r-break\">\n        <div class=\"ag-time\">10 h 00 \u2013 10 h 30<\/div>\n        <div class=\"ag-cell\"><span class=\"ag-cell-name\">D\u00e9jeuner de r\u00e9seautage<\/span><span class=\"ag-cell-detail\">Salle d&rsquo;exposition \u2014 3e \u00e9tage<\/span><\/div>\n      <\/div>\n      <div class=\"ag-row r-sessions\">\n        <div class=\"ag-time\">10 h 30 \u2013 11 h 30<\/div>\n        <div class=\"ag-cell\"><span class=\"ag-cell-name\">S\u00e9ances simultan\u00e9es<\/span><div class=\"ag-concurrent\"><span class=\"ag-room\">Salle 214<\/span><span class=\"ag-room\">Salle 206<\/span><span class=\"ag-room\">Salle 205<\/span><\/div><\/div>\n      <\/div>\n      <div class=\"ag-row r-meal\">\n        <div class=\"ag-time\">11 h 30 \u2013 12 h 45<\/div>\n        <div class=\"ag-cell\"><span class=\"ag-cell-name\">D\u00eener<\/span><span class=\"ag-cell-detail\">3e \u00e9tage<\/span><\/div>\n      <\/div>\n      <div class=\"ag-row r-sessions\">\n        <div class=\"ag-time\">12 h 45 \u2013 13 h 45<\/div>\n        <div class=\"ag-cell\"><span class=\"ag-cell-name\">S\u00e9ances simultan\u00e9es<\/span><div class=\"ag-concurrent\"><span class=\"ag-room\">Salle 214<\/span><span class=\"ag-room\">Salle 206<\/span><span class=\"ag-room\">Salle 205<\/span><\/div><\/div>\n      <\/div>\n      <div class=\"ag-row r-break\">\n        <div class=\"ag-time\">13 h 45 \u2013 14 h 15<\/div>\n        <div class=\"ag-cell\"><span class=\"ag-cell-name\">D\u00e9jeuner de r\u00e9seautage<\/span><span class=\"ag-cell-detail\">Salle d&rsquo;exposition \u2014 3e \u00e9tage<\/span><\/div>\n      <\/div>\n      <div class=\"ag-row r-keynote\">\n        <div class=\"ag-time\">14 h 15 \u2013 15 h 15<\/div>\n        <div class=\"ag-cell\"><span class=\"ag-cell-name\">Discours principal<\/span><span class=\"ag-cell-detail\">Discours principal \u2014 3e \u00e9tage<\/span><\/div>\n      <\/div>\n      <div class=\"ag-row r-reception\">\n        <div class=\"ag-time\">15 h 15 \u2013 16 h 45<\/div>\n        <div class=\"ag-cell\"><span class=\"ag-cell-name\">\u00ab Cocktails au bord du canal \u00bb<\/span><span class=\"ag-cell-detail\">Salle d&rsquo;exposition \u2014 3e \u00e9tage<\/span><\/div>\n      <\/div>\n    <\/div>\n  <\/div>\n\n  <!-- JOUR 4 -->\n  <div class=\"ag-day\" id=\"pdwfr-d3\">\n    <div class=\"ag-banner\">Vendredi 21 novembre 2026<\/div>\n    <div class=\"ag-table\">\n      <div class=\"ag-row r-meal\">\n        <div class=\"ag-time\">7 h 30 \u2013 8 h 45<\/div>\n        <div class=\"ag-cell\"><span class=\"ag-cell-name\">Inscription et d\u00e9jeuner de r\u00e9seautage<\/span><span class=\"ag-cell-detail\">2e \u00e9tage \u00b7 Inscription ouverte jusqu&rsquo;\u00e0 14 h 30<\/span><\/div>\n      <\/div>\n      <div class=\"ag-row r-keynote\">\n        <div class=\"ag-time\">8 h 45 \u2013 10 h 00<\/div>\n        <div class=\"ag-cell\"><span class=\"ag-cell-name\">Discours principal<\/span><span class=\"ag-cell-detail\">Discours principal \u2014 3e \u00e9tage<\/span><\/div>\n      <\/div>\n      <div class=\"ag-row r-break\">\n        <div class=\"ag-time\">10 h 00 \u2013 10 h 30<\/div>\n        <div class=\"ag-cell\"><span class=\"ag-cell-name\">D\u00e9jeuner de r\u00e9seautage<\/span><span class=\"ag-cell-detail\">Salle d&rsquo;exposition \u2014 3e \u00e9tage<\/span><\/div>\n      <\/div>\n      <div class=\"ag-row r-sessions\">\n        <div class=\"ag-time\">10 h 30 \u2013 11 h 30<\/div>\n        <div class=\"ag-cell\"><span class=\"ag-cell-name\">S\u00e9ances simultan\u00e9es<\/span><div class=\"ag-concurrent\"><span class=\"ag-room\">Salle 214<\/span><span class=\"ag-room\">Salle 206<\/span><span class=\"ag-room\">Salle 205<\/span><\/div><\/div>\n      <\/div>\n      <div class=\"ag-row r-meal\">\n        <div class=\"ag-time\">11 h 30 \u2013 12 h 45<\/div>\n        <div class=\"ag-cell\"><span class=\"ag-cell-name\">D\u00eener<\/span><span class=\"ag-cell-detail\">3e \u00e9tage<\/span><\/div>\n      <\/div>\n      <div class=\"ag-row r-sessions\">\n        <div class=\"ag-time\">12 h 45 \u2013 13 h 45<\/div>\n        <div class=\"ag-cell\"><span class=\"ag-cell-name\">S\u00e9ances simultan\u00e9es<\/span><div class=\"ag-concurrent\"><span class=\"ag-room\">Salle 214<\/span><span class=\"ag-room\">Salle 206<\/span><span class=\"ag-room\">Salle 205<\/span><\/div><\/div>\n      <\/div>\n      <div class=\"ag-row r-break\">\n        <div class=\"ag-time\">13 h 45 \u2013 14 h 15<\/div>\n        <div class=\"ag-cell\"><span class=\"ag-cell-name\">D\u00e9jeuner de r\u00e9seautage<\/span><span class=\"ag-cell-detail\">Salle d&rsquo;exposition \u2014 3e \u00e9tage<\/span><\/div>\n      <\/div>\n      <div class=\"ag-row r-keynote\">\n        <div class=\"ag-time\">14 h 15 \u2013 15 h 15<\/div>\n        <div class=\"ag-cell\"><span class=\"ag-cell-name\">Discours principal<\/span><span class=\"ag-cell-detail\">Discours principal \u2014 3e \u00e9tage<\/span><\/div>\n      <\/div>\n      <div class=\"ag-row r-reception\">\n        <div class=\"ag-time\">15 h 15 \u2013 16 h 45<\/div>\n        <div class=\"ag-cell\"><span class=\"ag-cell-name\">R\u00e9ception \u00ab Off the Clock \u00bb<\/span><span class=\"ag-cell-detail\">Salle Trillium \u2014 4e \u00e9tage<\/span><\/div>\n      <\/div>\n    <\/div>\n  <\/div>\n\n<\/div>\n\n<script>\nfunction pdwShowDayFr(n){\n  document.querySelectorAll('.ag-tab').forEach(function(t,i){t.classList.toggle('on',i===n);});\n  document.querySelectorAll('.ag-day').forEach(function(d,i){d.classList.toggle('on',i===n);});\n}\n<\/script>\n\n\n\n<div class=\"embed-html\">\n\t<\/div><!-- \/.embed-html -->\n\n\n\t\t\t<\/div>\n\t<\/div><!-- \/.shell -->\n<\/div><!-- \/.hero__content -->\n\n\n\t\t<\/div><!-- \/.hero__inner -->\r\n<\/section><!-- \/.hero -->\r\n\n\n\n<p><\/p>\n","protected":false},"excerpt":{"rendered":"","protected":false},"author":10,"featured_media":0,"parent":0,"menu_order":0,"comment_status":"closed","ping_status":"closed","template":"","meta":{"_acf_changed":false,"footnotes":""},"class_list":["post-1544","page","type-page","status-publish","hentry"],"acf":[],"yoast_head":"<!-- This site is optimized with the Yoast SEO plugin v26.7 - https:\/\/yoast.com\/wordpress\/plugins\/seo\/ -->\n<title>Calendrier - Semaine de PP<\/title>\n<meta name=\"robots\" content=\"index, follow, max-snippet:-1, max-image-preview:large, max-video-preview:-1\" \/>\n<link rel=\"canonical\" href=\"https:\/\/pdweek.ca\/fr\/calendrier\/\" \/>\n<meta property=\"og:locale\" content=\"fr_FR\" \/>\n<meta property=\"og:type\" content=\"article\" \/>\n<meta property=\"og:title\" content=\"Calendrier - Semaine de PP\" \/>\n<meta property=\"og:url\" content=\"https:\/\/pdweek.ca\/fr\/calendrier\/\" \/>\n<meta property=\"og:site_name\" content=\"Semaine de PP\" \/>\n<meta property=\"article:modified_time\" content=\"2026-04-21T13:06:00+00:00\" \/>\n<meta name=\"twitter:card\" content=\"summary_large_image\" \/>\n<meta name=\"twitter:label1\" content=\"Dur\u00e9e de lecture estim\u00e9e\" \/>\n\t<meta name=\"twitter:data1\" content=\"3 minutes\" \/>\n<script type=\"application\/ld+json\" class=\"yoast-schema-graph\">{\"@context\":\"https:\/\/schema.org\",\"@graph\":[{\"@type\":\"WebPage\",\"@id\":\"https:\/\/pdweek.ca\/fr\/calendrier\/\",\"url\":\"https:\/\/pdweek.ca\/fr\/calendrier\/\",\"name\":\"Calendrier - Semaine de PP\",\"isPartOf\":{\"@id\":\"https:\/\/pdweek.ca\/#website\"},\"datePublished\":\"2026-04-13T19:58:15+00:00\",\"dateModified\":\"2026-04-21T13:06:00+00:00\",\"breadcrumb\":{\"@id\":\"https:\/\/pdweek.ca\/fr\/calendrier\/#breadcrumb\"},\"inLanguage\":\"fr-FR\",\"potentialAction\":[{\"@type\":\"ReadAction\",\"target\":[\"https:\/\/pdweek.ca\/fr\/calendrier\/\"]}]},{\"@type\":\"BreadcrumbList\",\"@id\":\"https:\/\/pdweek.ca\/fr\/calendrier\/#breadcrumb\",\"itemListElement\":[{\"@type\":\"ListItem\",\"position\":1,\"name\":\"Home\",\"item\":\"https:\/\/pdweek.ca\/fr\/\"},{\"@type\":\"ListItem\",\"position\":2,\"name\":\"Calendrier\"}]},{\"@type\":\"WebSite\",\"@id\":\"https:\/\/pdweek.ca\/#website\",\"url\":\"https:\/\/pdweek.ca\/\",\"name\":\"Professional Development Week\",\"description\":\"\",\"publisher\":{\"@id\":\"https:\/\/pdweek.ca\/#organization\"},\"potentialAction\":[{\"@type\":\"SearchAction\",\"target\":{\"@type\":\"EntryPoint\",\"urlTemplate\":\"https:\/\/pdweek.ca\/?s={search_term_string}\"},\"query-input\":{\"@type\":\"PropertyValueSpecification\",\"valueRequired\":true,\"valueName\":\"search_term_string\"}}],\"inLanguage\":\"fr-FR\"},{\"@type\":\"Organization\",\"@id\":\"https:\/\/pdweek.ca\/#organization\",\"name\":\"Professional Development Week\",\"url\":\"https:\/\/pdweek.ca\/\",\"logo\":{\"@type\":\"ImageObject\",\"inLanguage\":\"fr-FR\",\"@id\":\"https:\/\/pdweek.ca\/#\/schema\/logo\/image\/\",\"url\":\"https:\/\/pdweek.ca\/wp-content\/uploads\/sites\/2\/2025\/01\/fmi_logo.jpg\",\"contentUrl\":\"https:\/\/pdweek.ca\/wp-content\/uploads\/sites\/2\/2025\/01\/fmi_logo.jpg\",\"width\":336,\"height\":155,\"caption\":\"Professional Development Week\"},\"image\":{\"@id\":\"https:\/\/pdweek.ca\/#\/schema\/logo\/image\/\"}}]}<\/script>\n<!-- \/ Yoast SEO plugin. -->","yoast_head_json":{"title":"Calendrier - Semaine de PP","robots":{"index":"index","follow":"follow","max-snippet":"max-snippet:-1","max-image-preview":"max-image-preview:large","max-video-preview":"max-video-preview:-1"},"canonical":"https:\/\/pdweek.ca\/fr\/calendrier\/","og_locale":"fr_FR","og_type":"article","og_title":"Calendrier - Semaine de PP","og_url":"https:\/\/pdweek.ca\/fr\/calendrier\/","og_site_name":"Semaine de PP","article_modified_time":"2026-04-21T13:06:00+00:00","twitter_card":"summary_large_image","twitter_misc":{"Dur\u00e9e de lecture estim\u00e9e":"3 minutes"},"schema":{"@context":"https:\/\/schema.org","@graph":[{"@type":"WebPage","@id":"https:\/\/pdweek.ca\/fr\/calendrier\/","url":"https:\/\/pdweek.ca\/fr\/calendrier\/","name":"Calendrier - Semaine de PP","isPartOf":{"@id":"https:\/\/pdweek.ca\/#website"},"datePublished":"2026-04-13T19:58:15+00:00","dateModified":"2026-04-21T13:06:00+00:00","breadcrumb":{"@id":"https:\/\/pdweek.ca\/fr\/calendrier\/#breadcrumb"},"inLanguage":"fr-FR","potentialAction":[{"@type":"ReadAction","target":["https:\/\/pdweek.ca\/fr\/calendrier\/"]}]},{"@type":"BreadcrumbList","@id":"https:\/\/pdweek.ca\/fr\/calendrier\/#breadcrumb","itemListElement":[{"@type":"ListItem","position":1,"name":"Home","item":"https:\/\/pdweek.ca\/fr\/"},{"@type":"ListItem","position":2,"name":"Calendrier"}]},{"@type":"WebSite","@id":"https:\/\/pdweek.ca\/#website","url":"https:\/\/pdweek.ca\/","name":"Professional Development Week","description":"","publisher":{"@id":"https:\/\/pdweek.ca\/#organization"},"potentialAction":[{"@type":"SearchAction","target":{"@type":"EntryPoint","urlTemplate":"https:\/\/pdweek.ca\/?s={search_term_string}"},"query-input":{"@type":"PropertyValueSpecification","valueRequired":true,"valueName":"search_term_string"}}],"inLanguage":"fr-FR"},{"@type":"Organization","@id":"https:\/\/pdweek.ca\/#organization","name":"Professional Development Week","url":"https:\/\/pdweek.ca\/","logo":{"@type":"ImageObject","inLanguage":"fr-FR","@id":"https:\/\/pdweek.ca\/#\/schema\/logo\/image\/","url":"https:\/\/pdweek.ca\/wp-content\/uploads\/sites\/2\/2025\/01\/fmi_logo.jpg","contentUrl":"https:\/\/pdweek.ca\/wp-content\/uploads\/sites\/2\/2025\/01\/fmi_logo.jpg","width":336,"height":155,"caption":"Professional Development Week"},"image":{"@id":"https:\/\/pdweek.ca\/#\/schema\/logo\/image\/"}}]}},"_links":{"self":[{"href":"https:\/\/pdweek.ca\/fr\/wp-json\/wp\/v2\/pages\/1544","targetHints":{"allow":["GET"]}}],"collection":[{"href":"https:\/\/pdweek.ca\/fr\/wp-json\/wp\/v2\/pages"}],"about":[{"href":"https:\/\/pdweek.ca\/fr\/wp-json\/wp\/v2\/types\/page"}],"author":[{"embeddable":true,"href":"https:\/\/pdweek.ca\/fr\/wp-json\/wp\/v2\/users\/10"}],"replies":[{"embeddable":true,"href":"https:\/\/pdweek.ca\/fr\/wp-json\/wp\/v2\/comments?post=1544"}],"version-history":[{"count":4,"href":"https:\/\/pdweek.ca\/fr\/wp-json\/wp\/v2\/pages\/1544\/revisions"}],"predecessor-version":[{"id":1551,"href":"https:\/\/pdweek.ca\/fr\/wp-json\/wp\/v2\/pages\/1544\/revisions\/1551"}],"wp:attachment":[{"href":"https:\/\/pdweek.ca\/fr\/wp-json\/wp\/v2\/media?parent=1544"}],"curies":[{"name":"wp","href":"https:\/\/api.w.org\/{rel}","templated":true}]}}